{"id":1141,"date":"2022-06-05T15:44:55","date_gmt":"2022-06-05T15:44:55","guid":{"rendered":"https:\/\/sibr.ca\/services\/"},"modified":"2022-11-01T14:03:18","modified_gmt":"2022-11-01T14:03:18","slug":"services","status":"publish","type":"page","link":"https:\/\/sibr.ca\/en\/services\/","title":{"rendered":"Services"},"content":{"rendered":"\t\t<div data-elementor-type=\"wp-page\" data-elementor-id=\"1141\" class=\"elementor elementor-1141 elementor-15\" data-elementor-post-type=\"page\">\n\t\t\t\t<div class=\"elementor-element elementor-element-2535533 animated-slow e-flex e-con-boxed elementor-invisible e-con e-parent\" data-id=\"2535533\" data-element_type=\"container\" data-e-type=\"container\" data-settings=\"{&quot;background_background&quot;:&quot;classic&quot;,&quot;animation&quot;:&quot;fadeIn&quot;,&quot;jet_parallax_layout_list&quot;:[]}\">\n\t\t\t\t\t<div class=\"e-con-inner\">\n\t\t\t\t<div class=\"elementor-element elementor-element-f88e66d elementor-widget__width-initial animated-slow elementor-widget-mobile__width-inherit elementor-invisible elementor-widget elementor-widget-heading\" data-id=\"f88e66d\" data-element_type=\"widget\" data-e-type=\"widget\" data-settings=\"{&quot;_animation&quot;:&quot;fadeInUp&quot;,&quot;_animation_delay&quot;:400}\" data-widget_type=\"heading.default\">\n\t\t\t\t<div class=\"elementor-widget-container\">\n\t\t\t\t\t<h1 class=\"elementor-heading-title elementor-size-default\">An accessible and flexible team at your service  <\/h1>\t\t\t\t<\/div>\n\t\t\t\t<\/div>\n\t\t\t\t<div class=\"elementor-element elementor-element-de31310 elementor-absolute elementor-hidden-desktop elementor-hidden-tablet elementor-widget elementor-widget-image\" data-id=\"de31310\" data-element_type=\"widget\" data-e-type=\"widget\" data-settings=\"{&quot;_position&quot;:&quot;absolute&quot;}\" data-widget_type=\"image.default\">\n\t\t\t\t<div class=\"elementor-widget-container\">\n\t\t\t\t\t\t\t\t\t\t\t\t\t\t\t<img decoding=\"async\" width=\"51\" height=\"27\" src=\"https:\/\/sibr.ca\/wp-content\/uploads\/2022\/08\/Path-60-1.svg\" class=\"attachment-large size-large wp-image-1122\" alt=\"\" \/>\t\t\t\t\t\t\t\t\t\t\t\t\t\t\t<\/div>\n\t\t\t\t<\/div>\n\t\t\t\t\t<\/div>\n\t\t\t\t<\/div>\n\t\t<div class=\"elementor-element elementor-element-deffb0f e-flex e-con-boxed e-con e-parent\" data-id=\"deffb0f\" data-element_type=\"container\" data-e-type=\"container\" data-settings=\"{&quot;jet_parallax_layout_list&quot;:[]}\">\n\t\t\t\t\t<div class=\"e-con-inner\">\n\t\t<div class=\"elementor-element elementor-element-bd6bc27 e-con-full e-flex elementor-invisible e-con e-parent\" data-id=\"bd6bc27\" data-element_type=\"container\" data-e-type=\"container\" data-settings=\"{&quot;background_background&quot;:&quot;classic&quot;,&quot;animation&quot;:&quot;fadeInUp&quot;,&quot;animation_delay&quot;:300,&quot;jet_parallax_layout_list&quot;:[]}\">\n\t\t\t\t<div class=\"elementor-element elementor-element-6bf1e80 elementor-widget__width-initial elementor-widget elementor-widget-heading\" data-id=\"6bf1e80\" data-element_type=\"widget\" data-e-type=\"widget\" data-widget_type=\"heading.default\">\n\t\t\t\t<div class=\"elementor-widget-container\">\n\t\t\t\t\t<h3 class=\"elementor-heading-title elementor-size-default\">Rental spaces<\/h3>\t\t\t\t<\/div>\n\t\t\t\t<\/div>\n\t\t\t\t<div class=\"elementor-element elementor-element-b0a0951 elementor-widget__width-inherit elementor-widget elementor-widget-text-editor\" data-id=\"b0a0951\" data-element_type=\"widget\" data-e-type=\"widget\" data-widget_type=\"text-editor.default\">\n\t\t\t\t<div class=\"elementor-widget-container\">\n\t\t\t\t\t\t\t\t\t<p>We have developed great expertise in real estate leasing. Our team is composed of experienced professionals who will guide you through every step of the process to find the ideal location for your business. Moreover, our commercial and industrial premises can easily adapt to the most complex demands. They are also located in strategic sectors of Qu\u00e9bec\u00a0City.\u00a0<\/p>\t\t\t\t\t\t\t\t<\/div>\n\t\t\t\t<\/div>\n\t\t\t\t<\/div>\n\t\t<div class=\"elementor-element elementor-element-974cc5e e-con-full animated-slow e-flex elementor-invisible e-con e-parent\" data-id=\"974cc5e\" data-element_type=\"container\" data-e-type=\"container\" data-settings=\"{&quot;background_background&quot;:&quot;classic&quot;,&quot;animation&quot;:&quot;fadeInUp&quot;,&quot;jet_parallax_layout_list&quot;:[]}\">\n\t\t\t\t<div class=\"elementor-element elementor-element-fb5430d elementor-widget__width-initial elementor-widget elementor-widget-heading\" data-id=\"fb5430d\" data-element_type=\"widget\" data-e-type=\"widget\" data-widget_type=\"heading.default\">\n\t\t\t\t<div class=\"elementor-widget-container\">\n\t\t\t\t\t<h3 class=\"elementor-heading-title elementor-size-default\">Turnkey projects  <\/h3>\t\t\t\t<\/div>\n\t\t\t\t<\/div>\n\t\t\t\t<div class=\"elementor-element elementor-element-7861a0e elementor-widget__width-inherit elementor-widget elementor-widget-text-editor\" data-id=\"7861a0e\" data-element_type=\"widget\" data-e-type=\"widget\" data-widget_type=\"text-editor.default\">\n\t\t\t\t<div class=\"elementor-widget-container\">\n\t\t\t\t\t\t\t\t\t<p>In addition to leasing commercial and industrial spaces, SIBR is able to take charge of the design of a new building from A to Z. We can carry out complete or partial layouts according to the pre-established\u00a0needs.\u00a0<\/p><p>An in-house team works to design customized plans that meet the specific constraints and demands of each tenant. SIBR takes care of hiring the general contractor, managing the construction site and ensuring that deadlines are\u00a0met.\u00a0<\/p>\t\t\t\t\t\t\t\t<\/div>\n\t\t\t\t<\/div>\n\t\t\t\t<\/div>\n\t\t<div class=\"elementor-element elementor-element-012361f e-con-full animated-slow e-flex elementor-invisible e-con e-parent\" data-id=\"012361f\" data-element_type=\"container\" data-e-type=\"container\" data-settings=\"{&quot;background_background&quot;:&quot;classic&quot;,&quot;animation&quot;:&quot;fadeInUp&quot;,&quot;animation_delay&quot;:300,&quot;jet_parallax_layout_list&quot;:[]}\">\n\t\t\t\t<div class=\"elementor-element elementor-element-888c987 elementor-widget__width-initial elementor-widget elementor-widget-heading\" data-id=\"888c987\" data-element_type=\"widget\" data-e-type=\"widget\" data-widget_type=\"heading.default\">\n\t\t\t\t<div class=\"elementor-widget-container\">\n\t\t\t\t\t<h3 class=\"elementor-heading-title elementor-size-default\">Real estate management <\/h3>\t\t\t\t<\/div>\n\t\t\t\t<\/div>\n\t\t\t\t<div class=\"elementor-element elementor-element-d633806 elementor-widget__width-inherit elementor-widget elementor-widget-text-editor\" data-id=\"d633806\" data-element_type=\"widget\" data-e-type=\"widget\" data-widget_type=\"text-editor.default\">\n\t\t\t\t<div class=\"elementor-widget-container\">\n\t\t\t\t\t\t\t\t\t<p><span class=\"TextRun SCXW90256081 BCX0\" lang=\"FR-FR\" xml:lang=\"FR-FR\" data-contrast=\"none\"><span class=\"NormalTextRun SCXW90256081 BCX0\">Soci\u00e9t\u00e9 immobili\u00e8re Bruno Roussin <\/span><span class=\"NormalTextRun SpellingErrorV2Themed SCXW90256081 BCX0\">takes<\/span><span class=\"NormalTextRun SCXW90256081 BCX0\"> care of the <\/span><span class=\"NormalTextRun SpellingErrorV2Themed SCXW90256081 BCX0\">well-being<\/span><span class=\"NormalTextRun SCXW90256081 BCX0\"> of all <\/span><span class=\"NormalTextRun SpellingErrorV2Themed SCXW90256081 BCX0\">its<\/span><span class=\"NormalTextRun SCXW90256081 BCX0\"> tenants<\/span><span class=\"NormalTextRun SCXW90256081 BCX0\">.\u00a0 Once <\/span><span class=\"NormalTextRun SpellingErrorV2Themed SCXW90256081 BCX0\">moved<\/span><span class=\"NormalTextRun SCXW90256081 BCX0\"> in, the <\/span><span class=\"NormalTextRun SpellingErrorV2Themed SCXW90256081 BCX0\">work<\/span><span class=\"NormalTextRun SCXW90256081 BCX0\"> continues and the communication <\/span><span class=\"NormalTextRun SpellingErrorV2Themed SCXW90256081 BCX0\">remains<\/span> <span class=\"NormalTextRun SpellingErrorV2Themed SCXW90256081 BCX0\">seamless<\/span><span class=\"NormalTextRun SCXW90256081 BCX0\">. It <\/span><span class=\"NormalTextRun SpellingErrorV2Themed SCXW90256081 BCX0\">is<\/span><span class=\"NormalTextRun SCXW90256081 BCX0\"> essential for <\/span><span class=\"NormalTextRun SpellingErrorV2Themed SCXW90256081 BCX0\">our<\/span><span class=\"NormalTextRun SCXW90256081 BCX0\"> team to <\/span><span class=\"NormalTextRun SpellingErrorV2Themed SCXW90256081 BCX0\">contribute<\/span><span class=\"NormalTextRun SCXW90256081 BCX0\"> to the full <\/span><span class=\"NormalTextRun SpellingErrorV2Themed SCXW90256081 BCX0\">potential<\/span><span class=\"NormalTextRun SCXW90256081 BCX0\"> of <\/span><span class=\"NormalTextRun SpellingErrorV2Themed SCXW90256081 BCX0\">our<\/span><span class=\"NormalTextRun SCXW90256081 BCX0\"> tenants<\/span><span class=\"NormalTextRun SCXW90256081 BCX0\">. This <\/span><span class=\"NormalTextRun SpellingErrorV2Themed SCXW90256081 BCX0\">is<\/span> <span class=\"NormalTextRun SpellingErrorV2Themed SCXW90256081 BCX0\">why<\/span> <span class=\"NormalTextRun SpellingErrorV2Themed SCXW90256081 BCX0\">we<\/span> <span class=\"NormalTextRun SpellingErrorV2Themed SCXW90256081 BCX0\">collaborate<\/span><span class=\"NormalTextRun SCXW90256081 BCX0\"> at all times on <\/span><span class=\"NormalTextRun SpellingErrorV2Themed SCXW90256081 BCX0\">their<\/span> <span class=\"NormalTextRun SpellingErrorV2Themed SCXW90256081 BCX0\">projects<\/span> <span class=\"NormalTextRun SpellingErrorV2Themed SCXW90256081 BCX0\">involving<\/span> <span class=\"NormalTextRun SpellingErrorV2Themed SCXW90256081 BCX0\">their<\/span> <span class=\"NormalTextRun SpellingErrorV2Themed SCXW90256081 BCX0\">rental<\/span> <span class=\"NormalTextRun SpellingErrorV2Themed SCXW90256081 BCX0\">spaces<\/span> <span class=\"NormalTextRun SpellingErrorV2Themed SCXW90256081 BCX0\">with<\/span><span class=\"NormalTextRun SCXW90256081 BCX0\"> us. <\/span><span class=\"NormalTextRun SpellingErrorV2Themed SCXW90256081 BCX0\">We<\/span> <span class=\"NormalTextRun SpellingErrorV2Themed SCXW90256081 BCX0\">want<\/span><span class=\"NormalTextRun SCXW90256081 BCX0\"> to <\/span><span class=\"NormalTextRun SpellingErrorV2Themed SCXW90256081 BCX0\">act<\/span><span class=\"NormalTextRun SCXW90256081 BCX0\"> as <\/span><span class=\"NormalTextRun SpellingErrorV2Themed SCXW90256081 BCX0\">partners<\/span> <span class=\"NormalTextRun SCXW90256081 BCX0\">in the <\/span><span class=\"NormalTextRun SpellingErrorV2Themed SCXW90256081 BCX0\">achievement<\/span><span class=\"NormalTextRun SCXW90256081 BCX0\"> of <\/span><span class=\"NormalTextRun SpellingErrorV2Themed SCXW90256081 BCX0\">their<\/span> <span class=\"NormalTextRun SCXW90256081 BCX0\">business goals<\/span><span class=\"NormalTextRun SCXW90256081 BCX0\">. <\/span><span class=\"NormalTextRun SCXW90256081 BCX0\">Our team <\/span><span class=\"NormalTextRun SpellingErrorV2Themed SCXW90256081 BCX0\">is<\/span> <span class=\"NormalTextRun SpellingErrorV2Themed SCXW90256081 BCX0\">committed<\/span><span class=\"NormalTextRun SCXW90256081 BCX0\"> to the <\/span><span class=\"NormalTextRun SCXW90256081 BCX0\">satisfaction of <\/span><span class=\"NormalTextRun SpellingErrorV2Themed SCXW90256081 BCX0\">our<\/span> <span class=\"NormalTextRun SpellingErrorV2Themed SCXW90256081 BCX0\">customers<\/span><span class=\"NormalTextRun SCXW90256081 BCX0\">.\u00a0<\/span><\/span><span class=\"EOP SCXW90256081 BCX0\" data-ccp-props=\"{&quot;201341983&quot;:0,&quot;335551550&quot;:6,&quot;335551620&quot;:6,&quot;335559739&quot;:160,&quot;335559740&quot;:259}\">\u00a0<\/span><\/p>\t\t\t\t\t\t\t\t<\/div>\n\t\t\t\t<\/div>\n\t\t\t\t<\/div>\n\t\t\t\t\t<\/div>\n\t\t\t\t<\/div>\n\t\t<div class=\"elementor-element elementor-element-5b7ebc5 e-flex e-con-boxed e-con e-parent\" data-id=\"5b7ebc5\" data-element_type=\"container\" data-e-type=\"container\" data-settings=\"{&quot;jet_parallax_layout_list&quot;:[]}\">\n\t\t\t\t\t<div class=\"e-con-inner\">\n\t\t\t\t<div class=\"elementor-element elementor-element-9de5b7e elementor-widget__width-initial elementor-widget-mobile__width-inherit elementor-widget elementor-widget-heading\" data-id=\"9de5b7e\" data-element_type=\"widget\" data-e-type=\"widget\" data-widget_type=\"heading.default\">\n\t\t\t\t<div class=\"elementor-widget-container\">\n\t\t\t\t\t<h3 class=\"elementor-heading-title elementor-size-default\">Some of our projects <\/h3>\t\t\t\t<\/div>\n\t\t\t\t<\/div>\n\t\t\t\t\t<\/div>\n\t\t\t\t<\/div>\n\t\t<div class=\"elementor-element elementor-element-7a1ae2c e-con-full e-flex e-con e-parent\" data-id=\"7a1ae2c\" data-element_type=\"container\" data-e-type=\"container\" data-settings=\"{&quot;jet_parallax_layout_list&quot;:[]}\">\n\t\t\t\t<div class=\"elementor-element elementor-element-0de05ea elementor-widget elementor-widget-jet-listing-grid\" data-id=\"0de05ea\" data-element_type=\"widget\" data-e-type=\"widget\" data-settings=\"{&quot;columns&quot;:&quot;1&quot;}\" data-widget_type=\"jet-listing-grid.default\">\n\t\t\t\t<div class=\"elementor-widget-container\">\n\t\t\t\t\t<div class=\"jet-listing-grid jet-listing\"><div class=\"jet-listing-grid__items grid-col-desk-1 grid-col-tablet-1 grid-col-mobile-1 jet-listing-grid--391\" data-queried-id=\"1141|WP_Post\" data-nav=\"{&quot;enabled&quot;:false,&quot;type&quot;:null,&quot;more_el&quot;:null,&quot;query&quot;:[],&quot;widget_settings&quot;:{&quot;lisitng_id&quot;:391,&quot;posts_num&quot;:30,&quot;columns&quot;:1,&quot;columns_tablet&quot;:1,&quot;columns_mobile&quot;:1,&quot;column_min_width&quot;:240,&quot;column_min_width_tablet&quot;:240,&quot;column_min_width_mobile&quot;:240,&quot;inline_columns_css&quot;:false,&quot;is_archive_template&quot;:&quot;&quot;,&quot;post_status&quot;:[&quot;publish&quot;],&quot;use_random_posts_num&quot;:&quot;&quot;,&quot;max_posts_num&quot;:9,&quot;not_found_message&quot;:&quot;No data was found&quot;,&quot;is_masonry&quot;:false,&quot;equal_columns_height&quot;:&quot;&quot;,&quot;use_load_more&quot;:&quot;&quot;,&quot;load_more_id&quot;:&quot;&quot;,&quot;load_more_type&quot;:&quot;click&quot;,&quot;load_more_offset&quot;:{&quot;unit&quot;:&quot;px&quot;,&quot;size&quot;:0,&quot;sizes&quot;:[]},&quot;use_custom_post_types&quot;:&quot;&quot;,&quot;custom_post_types&quot;:[],&quot;hide_widget_if&quot;:&quot;&quot;,&quot;carousel_enabled&quot;:&quot;&quot;,&quot;slides_to_scroll&quot;:&quot;1&quot;,&quot;arrows&quot;:&quot;true&quot;,&quot;arrow_icon&quot;:&quot;fa fa-angle-left&quot;,&quot;dots&quot;:&quot;&quot;,&quot;autoplay&quot;:&quot;true&quot;,&quot;pause_on_hover&quot;:&quot;true&quot;,&quot;autoplay_speed&quot;:5000,&quot;infinite&quot;:&quot;true&quot;,&quot;center_mode&quot;:&quot;&quot;,&quot;effect&quot;:&quot;slide&quot;,&quot;speed&quot;:500,&quot;inject_alternative_items&quot;:&quot;yes&quot;,&quot;injection_items&quot;:[{&quot;_id&quot;:&quot;e43e6e5&quot;,&quot;item&quot;:&quot;386&quot;}],&quot;scroll_slider_enabled&quot;:&quot;&quot;,&quot;scroll_slider_on&quot;:[&quot;desktop&quot;,&quot;tablet&quot;,&quot;mobile&quot;],&quot;custom_query&quot;:false,&quot;custom_query_id&quot;:&quot;&quot;,&quot;_element_id&quot;:&quot;&quot;,&quot;collapse_first_last_gap&quot;:false,&quot;list_tag_selection&quot;:&quot;&quot;,&quot;list_items_wrapper_tag&quot;:&quot;div&quot;,&quot;list_item_tag&quot;:&quot;div&quot;,&quot;empty_items_wrapper_tag&quot;:&quot;div&quot;}}\" data-page=\"1\" data-pages=\"1\" data-listing-source=\"posts\" data-listing-id=\"391\" data-query-id=\"\"><div class=\"jet-listing-grid__item jet-listing-dynamic-post-1172\" data-post-id=\"1172\"  >\t\t<div data-elementor-type=\"jet-listing-items\" data-elementor-id=\"391\" class=\"elementor elementor-391\" data-elementor-post-type=\"jet-engine\">\n\t\t\t\t<div class=\"elementor-element elementor-element-2f41efd animated-slow e-flex e-con-boxed elementor-invisible e-con e-parent\" data-id=\"2f41efd\" data-element_type=\"container\" data-e-type=\"container\" data-settings=\"{&quot;background_background&quot;:&quot;gradient&quot;,&quot;animation&quot;:&quot;fadeIn&quot;,&quot;jet_parallax_layout_list&quot;:[]}\">\n\t\t\t\t\t<div class=\"e-con-inner\">\n\t\t<div class=\"elementor-element elementor-element-8425bad e-con-full e-flex e-con e-parent\" data-id=\"8425bad\" data-element_type=\"container\" data-e-type=\"container\" data-settings=\"{&quot;jet_parallax_layout_list&quot;:[]}\">\n\t\t\t\t<div class=\"elementor-element elementor-element-3e10042 animated-slow elementor-widget-mobile__width-inherit elementor-invisible elementor-widget elementor-widget-image\" data-id=\"3e10042\" data-element_type=\"widget\" data-e-type=\"widget\" data-settings=\"{&quot;_animation&quot;:&quot;fadeInUp&quot;,&quot;_animation_delay&quot;:300}\" data-widget_type=\"image.default\">\n\t\t\t\t<div class=\"elementor-widget-container\">\n\t\t\t\t\t\t\t\t\t\t\t\t\t\t\t\t<a href=\"https:\/\/sibr.ca\/en\/realisation\/emballages-carrousel\/\">\n\t\t\t\t\t\t\t<img fetchpriority=\"high\" decoding=\"async\" width=\"1200\" height=\"800\" src=\"https:\/\/sibr.ca\/wp-content\/uploads\/2022\/07\/Caroussel-A.jpg\" class=\"attachment-full size-full wp-image-1050\" alt=\"\" srcset=\"https:\/\/sibr.ca\/wp-content\/uploads\/2022\/07\/Caroussel-A.jpg 1200w, https:\/\/sibr.ca\/wp-content\/uploads\/2022\/07\/Caroussel-A-300x200.jpg 300w, https:\/\/sibr.ca\/wp-content\/uploads\/2022\/07\/Caroussel-A-1024x683.jpg 1024w, https:\/\/sibr.ca\/wp-content\/uploads\/2022\/07\/Caroussel-A-768x512.jpg 768w\" sizes=\"(max-width: 1200px) 100vw, 1200px\" \/>\t\t\t\t\t\t\t\t<\/a>\n\t\t\t\t\t\t\t\t\t\t\t\t\t\t\t<\/div>\n\t\t\t\t<\/div>\n\t\t\t\t<\/div>\n\t\t<div class=\"elementor-element elementor-element-405688e e-con-full e-flex e-con e-parent\" data-id=\"405688e\" data-element_type=\"container\" data-e-type=\"container\" data-settings=\"{&quot;jet_parallax_layout_list&quot;:[]}\">\n\t\t\t\t<div class=\"elementor-element elementor-element-2929a88 elementor-widget__width-initial elementor-widget-mobile__width-inherit elementor-widget elementor-widget-heading\" data-id=\"2929a88\" data-element_type=\"widget\" data-e-type=\"widget\" data-widget_type=\"heading.default\">\n\t\t\t\t<div class=\"elementor-widget-container\">\n\t\t\t\t\t<h3 class=\"elementor-heading-title elementor-size-default\">Emballages Carrousel<\/h3>\t\t\t\t<\/div>\n\t\t\t\t<\/div>\n\t\t\t\t<div class=\"elementor-element elementor-element-ae449f8 elementor-widget-mobile__width-inherit elementor-widget elementor-widget-text-editor\" data-id=\"ae449f8\" data-element_type=\"widget\" data-e-type=\"widget\" data-widget_type=\"text-editor.default\">\n\t\t\t\t<div class=\"elementor-widget-container\">\n\t\t\t\t\t\t\t\t\tHaving arrived in Qu\u00e9bec City in 2003, the distributor needed a large space to operate.\t\t\t\t\t\t\t\t<\/div>\n\t\t\t\t<\/div>\n\t\t\t\t<\/div>\n\t\t\t\t\t<\/div>\n\t\t\t\t<\/div>\n\t\t\t\t<\/div>\n\t\t<\/div><div class=\"jet-listing-grid__item jet-listing-dynamic-post-1170 jet-listing-grid--386\" data-post-id=\"1170\"  >\t\t<div data-elementor-type=\"jet-listing-items\" data-elementor-id=\"386\" class=\"elementor elementor-386\" data-elementor-post-type=\"jet-engine\">\n\t\t\t\t<div class=\"elementor-element elementor-element-b71fa94 animated-slow e-flex e-con-boxed elementor-invisible e-con e-parent\" data-id=\"b71fa94\" data-element_type=\"container\" data-e-type=\"container\" data-settings=\"{&quot;background_background&quot;:&quot;gradient&quot;,&quot;animation&quot;:&quot;fadeIn&quot;,&quot;jet_parallax_layout_list&quot;:[]}\">\n\t\t\t\t\t<div class=\"e-con-inner\">\n\t\t<div class=\"elementor-element elementor-element-c1bedb3 e-con-full e-flex e-con e-parent\" data-id=\"c1bedb3\" data-element_type=\"container\" data-e-type=\"container\" data-settings=\"{&quot;jet_parallax_layout_list&quot;:[]}\">\n\t\t\t\t<div class=\"elementor-element elementor-element-a540a1a elementor-widget__width-initial elementor-widget elementor-widget-heading\" data-id=\"a540a1a\" data-element_type=\"widget\" data-e-type=\"widget\" data-widget_type=\"heading.default\">\n\t\t\t\t<div class=\"elementor-widget-container\">\n\t\t\t\t\t<h3 class=\"elementor-heading-title elementor-size-default\">Silicycle<\/h3>\t\t\t\t<\/div>\n\t\t\t\t<\/div>\n\t\t\t\t<div class=\"elementor-element elementor-element-e80db71 elementor-widget elementor-widget-text-editor\" data-id=\"e80db71\" data-element_type=\"widget\" data-e-type=\"widget\" data-widget_type=\"text-editor.default\">\n\t\t\t\t<div class=\"elementor-widget-container\">\n\t\t\t\t\t\t\t\t\tThis facility is an additional production space located near the main plant.\t\t\t\t\t\t\t\t<\/div>\n\t\t\t\t<\/div>\n\t\t\t\t<\/div>\n\t\t<div class=\"elementor-element elementor-element-cf69d90 e-con-full e-flex e-con e-parent\" data-id=\"cf69d90\" data-element_type=\"container\" data-e-type=\"container\" data-settings=\"{&quot;jet_parallax_layout_list&quot;:[]}\">\n\t\t\t\t<div class=\"elementor-element elementor-element-888cb75 animated-slow elementor-invisible elementor-widget elementor-widget-image\" data-id=\"888cb75\" data-element_type=\"widget\" data-e-type=\"widget\" data-settings=\"{&quot;_animation&quot;:&quot;fadeInUp&quot;,&quot;_animation_delay&quot;:300}\" data-widget_type=\"image.default\">\n\t\t\t\t<div class=\"elementor-widget-container\">\n\t\t\t\t\t\t\t\t\t\t\t\t\t\t\t\t<a href=\"https:\/\/sibr.ca\/en\/realisation\/silicycle\/\">\n\t\t\t\t\t\t\t<img decoding=\"async\" width=\"1600\" height=\"1067\" src=\"https:\/\/sibr.ca\/wp-content\/uploads\/2022\/07\/2665-H.jpg\" class=\"attachment-full size-full wp-image-1044\" alt=\"\" srcset=\"https:\/\/sibr.ca\/wp-content\/uploads\/2022\/07\/2665-H.jpg 1600w, https:\/\/sibr.ca\/wp-content\/uploads\/2022\/07\/2665-H-300x200.jpg 300w, https:\/\/sibr.ca\/wp-content\/uploads\/2022\/07\/2665-H-1024x683.jpg 1024w, https:\/\/sibr.ca\/wp-content\/uploads\/2022\/07\/2665-H-768x512.jpg 768w, https:\/\/sibr.ca\/wp-content\/uploads\/2022\/07\/2665-H-1536x1024.jpg 1536w\" sizes=\"(max-width: 1600px) 100vw, 1600px\" \/>\t\t\t\t\t\t\t\t<\/a>\n\t\t\t\t\t\t\t\t\t\t\t\t\t\t\t<\/div>\n\t\t\t\t<\/div>\n\t\t\t\t<\/div>\n\t\t\t\t\t<\/div>\n\t\t\t\t<\/div>\n\t\t\t\t<\/div>\n\t\t<\/div><div class=\"jet-listing-grid__item jet-listing-dynamic-post-1174\" data-post-id=\"1174\"  >\t\t<div data-elementor-type=\"jet-listing-items\" data-elementor-id=\"391\" class=\"elementor elementor-391\" data-elementor-post-type=\"jet-engine\">\n\t\t\t\t<div class=\"elementor-element elementor-element-2f41efd animated-slow e-flex e-con-boxed elementor-invisible e-con e-parent\" data-id=\"2f41efd\" data-element_type=\"container\" data-e-type=\"container\" data-settings=\"{&quot;background_background&quot;:&quot;gradient&quot;,&quot;animation&quot;:&quot;fadeIn&quot;,&quot;jet_parallax_layout_list&quot;:[]}\">\n\t\t\t\t\t<div class=\"e-con-inner\">\n\t\t<div class=\"elementor-element elementor-element-8425bad e-con-full e-flex e-con e-parent\" data-id=\"8425bad\" data-element_type=\"container\" data-e-type=\"container\" data-settings=\"{&quot;jet_parallax_layout_list&quot;:[]}\">\n\t\t\t\t<div class=\"elementor-element elementor-element-3e10042 animated-slow elementor-widget-mobile__width-inherit elementor-invisible elementor-widget elementor-widget-image\" data-id=\"3e10042\" data-element_type=\"widget\" data-e-type=\"widget\" data-settings=\"{&quot;_animation&quot;:&quot;fadeInUp&quot;,&quot;_animation_delay&quot;:300}\" data-widget_type=\"image.default\">\n\t\t\t\t<div class=\"elementor-widget-container\">\n\t\t\t\t\t\t\t\t\t\t\t\t\t\t\t\t<a href=\"https:\/\/sibr.ca\/en\/realisation\/groupe-desroches\/\">\n\t\t\t\t\t\t\t<img loading=\"lazy\" decoding=\"async\" width=\"1500\" height=\"1000\" src=\"https:\/\/sibr.ca\/wp-content\/uploads\/2022\/07\/915-B.jpg\" class=\"attachment-full size-full wp-image-1038\" alt=\"\" srcset=\"https:\/\/sibr.ca\/wp-content\/uploads\/2022\/07\/915-B.jpg 1500w, https:\/\/sibr.ca\/wp-content\/uploads\/2022\/07\/915-B-300x200.jpg 300w, https:\/\/sibr.ca\/wp-content\/uploads\/2022\/07\/915-B-1024x683.jpg 1024w, https:\/\/sibr.ca\/wp-content\/uploads\/2022\/07\/915-B-768x512.jpg 768w\" sizes=\"(max-width: 1500px) 100vw, 1500px\" \/>\t\t\t\t\t\t\t\t<\/a>\n\t\t\t\t\t\t\t\t\t\t\t\t\t\t\t<\/div>\n\t\t\t\t<\/div>\n\t\t\t\t<\/div>\n\t\t<div class=\"elementor-element elementor-element-405688e e-con-full e-flex e-con e-parent\" data-id=\"405688e\" data-element_type=\"container\" data-e-type=\"container\" data-settings=\"{&quot;jet_parallax_layout_list&quot;:[]}\">\n\t\t\t\t<div class=\"elementor-element elementor-element-2929a88 elementor-widget__width-initial elementor-widget-mobile__width-inherit elementor-widget elementor-widget-heading\" data-id=\"2929a88\" data-element_type=\"widget\" data-e-type=\"widget\" data-widget_type=\"heading.default\">\n\t\t\t\t<div class=\"elementor-widget-container\">\n\t\t\t\t\t<h3 class=\"elementor-heading-title elementor-size-default\">Les Huiles Desroches<\/h3>\t\t\t\t<\/div>\n\t\t\t\t<\/div>\n\t\t\t\t<div class=\"elementor-element elementor-element-ae449f8 elementor-widget-mobile__width-inherit elementor-widget elementor-widget-text-editor\" data-id=\"ae449f8\" data-element_type=\"widget\" data-e-type=\"widget\" data-widget_type=\"text-editor.default\">\n\t\t\t\t<div class=\"elementor-widget-container\">\n\t\t\t\t\t\t\t\t\tWarehouse with enough height to accommodate specialized equipment and enough space to accommodate sales growth.\t\t\t\t\t\t\t\t<\/div>\n\t\t\t\t<\/div>\n\t\t\t\t<\/div>\n\t\t\t\t\t<\/div>\n\t\t\t\t<\/div>\n\t\t\t\t<\/div>\n\t\t<\/div><\/div><\/div>\t\t\t\t<\/div>\n\t\t\t\t<\/div>\n\t\t\t\t<\/div>\n\t\t\t\t<\/div>\n\t\t","protected":false},"excerpt":{"rendered":"<p>An accessible and flexible team at your service Rental spaces We have developed great expertise in real estate leasing. Our team is composed of experienced professionals who will guide you through every step of the process to find the ideal location for your business. Moreover, our commercial and industrial premises can easily adapt to the [&hellip;]<\/p>\n","protected":false},"author":2,"featured_media":0,"parent":0,"menu_order":3,"comment_status":"closed","ping_status":"closed","template":"elementor_header_footer","meta":{"footnotes":""},"class_list":["post-1141","page","type-page","status-publish","hentry"],"_links":{"self":[{"href":"https:\/\/sibr.ca\/en\/wp-json\/wp\/v2\/pages\/1141","targetHints":{"allow":["GET"]}}],"collection":[{"href":"https:\/\/sibr.ca\/en\/wp-json\/wp\/v2\/pages"}],"about":[{"href":"https:\/\/sibr.ca\/en\/wp-json\/wp\/v2\/types\/page"}],"author":[{"embeddable":true,"href":"https:\/\/sibr.ca\/en\/wp-json\/wp\/v2\/users\/2"}],"replies":[{"embeddable":true,"href":"https:\/\/sibr.ca\/en\/wp-json\/wp\/v2\/comments?post=1141"}],"version-history":[{"count":20,"href":"https:\/\/sibr.ca\/en\/wp-json\/wp\/v2\/pages\/1141\/revisions"}],"predecessor-version":[{"id":1745,"href":"https:\/\/sibr.ca\/en\/wp-json\/wp\/v2\/pages\/1141\/revisions\/1745"}],"wp:attachment":[{"href":"https:\/\/sibr.ca\/en\/wp-json\/wp\/v2\/media?parent=1141"}],"curies":[{"name":"wp","href":"https:\/\/api.w.org\/{rel}","templated":true}]}}