{"id":1126,"date":"2022-06-05T15:44:55","date_gmt":"2022-06-05T15:44:55","guid":{"rendered":"https:\/\/sibr.ca\/home\/"},"modified":"2022-11-01T13:58:23","modified_gmt":"2022-11-01T13:58:23","slug":"home","status":"publish","type":"page","link":"https:\/\/sibr.ca\/en\/","title":{"rendered":"Home"},"content":{"rendered":"\t\t<div data-elementor-type=\"wp-page\" data-elementor-id=\"1126\" class=\"elementor elementor-1126 elementor-13\" data-elementor-post-type=\"page\">\n\t\t\t\t<div class=\"elementor-element elementor-element-c68586f e-flex e-con-boxed e-con e-parent\" data-id=\"c68586f\" data-element_type=\"container\" data-e-type=\"container\" data-settings=\"{&quot;jet_parallax_layout_list&quot;:[],&quot;background_background&quot;:&quot;classic&quot;}\">\n\t\t\t\t\t<div class=\"e-con-inner\">\n\t\t<div class=\"elementor-element elementor-element-77a8857 e-con-full e-flex e-con e-parent\" data-id=\"77a8857\" data-element_type=\"container\" data-e-type=\"container\" data-settings=\"{&quot;jet_parallax_layout_list&quot;:[]}\">\n\t\t\t\t<div class=\"elementor-element elementor-element-c11317d animated-slow elementor-invisible elementor-widget elementor-widget-heading\" data-id=\"c11317d\" data-element_type=\"widget\" data-e-type=\"widget\" data-settings=\"{&quot;_animation&quot;:&quot;fadeIn&quot;,&quot;_animation_delay&quot;:300}\" data-widget_type=\"heading.default\">\n\t\t\t\t<div class=\"elementor-widget-container\">\n\t\t\t\t\t<h1 class=\"elementor-heading-title elementor-size-default\"><span style=\"color:#DFA546;font-weight:300\">Soci\u00e9t\u00e9 <br \/>immobili\u00e8re<\/span><br \/>\n<span>Bruno Roussin<\/span>\n<\/h1>\t\t\t\t<\/div>\n\t\t\t\t<\/div>\n\t\t\t\t<div class=\"elementor-element elementor-element-5983b58 elementor-widget__width-initial elementor-widget-mobile__width-initial animated-slow elementor-invisible elementor-widget elementor-widget-heading\" data-id=\"5983b58\" data-element_type=\"widget\" data-e-type=\"widget\" data-settings=\"{&quot;_animation&quot;:&quot;fadeInUp&quot;,&quot;_animation_delay&quot;:600}\" data-widget_type=\"heading.default\">\n\t\t\t\t<div class=\"elementor-widget-container\">\n\t\t\t\t\t<p class=\"elementor-heading-title elementor-size-default\">An accessible and adaptable team dedicated to your success <\/p>\t\t\t\t<\/div>\n\t\t\t\t<\/div>\n\t\t\t\t<div class=\"elementor-element elementor-element-63c3e0d elementor-absolute elementor-hidden-desktop elementor-hidden-tablet elementor-widget elementor-widget-image\" data-id=\"63c3e0d\" data-element_type=\"widget\" data-e-type=\"widget\" data-settings=\"{&quot;_position&quot;:&quot;absolute&quot;}\" data-widget_type=\"image.default\">\n\t\t\t\t<div class=\"elementor-widget-container\">\n\t\t\t\t\t\t\t\t\t\t\t\t\t\t\t<img decoding=\"async\" width=\"51\" height=\"27\" src=\"https:\/\/sibr.ca\/wp-content\/uploads\/2022\/08\/Path-60.svg\" class=\"attachment-large size-large wp-image-1121\" alt=\"\" \/>\t\t\t\t\t\t\t\t\t\t\t\t\t\t\t<\/div>\n\t\t\t\t<\/div>\n\t\t\t\t<\/div>\n\t\t\t\t\t<\/div>\n\t\t\t\t<\/div>\n\t\t<div class=\"elementor-element elementor-element-4cef73a e-con-full e-flex e-con e-parent\" data-id=\"4cef73a\" data-element_type=\"container\" data-e-type=\"container\" data-settings=\"{&quot;jet_parallax_layout_list&quot;:[]}\">\n\t\t<div class=\"elementor-element elementor-element-b7602f4 e-con-full e-flex e-con e-parent\" data-id=\"b7602f4\" data-element_type=\"container\" data-e-type=\"container\" data-settings=\"{&quot;jet_parallax_layout_list&quot;:[]}\">\n\t\t\t\t<div class=\"elementor-element elementor-element-071a723 elementor-widget elementor-widget-jet-video\" data-id=\"071a723\" data-element_type=\"widget\" data-e-type=\"widget\" data-widget_type=\"jet-video.default\">\n\t\t\t\t<div class=\"elementor-widget-container\">\n\t\t\t\t\t<div class=\"elementor-jet-video jet-elements\">\n<div class=\"jet-video jet-video--fa5-compat\" data-settings=\"{&quot;lightbox&quot;:false,&quot;autoplay&quot;:false}\"><video class=\"jet-video-player jet-video-html5-player jet-video-custom-play-button\" src=\"https:\/\/sibr.ca\/wp-content\/uploads\/2022\/07\/3594-22_03-AE-Carte-Globale-001.mp4\" playsinline=\"\"><\/video>\n<div class=\"jet-video__overlay jet-video__overlay--custom-bg\" style=\"background-image: url(https:\/\/sibr.ca\/wp-content\/uploads\/2022\/07\/07-Carte-Globale.jpg);\">\n<div class=\"jet-video__play-button\" role=\"button\" tabindex=\"0\" aria-label=\"Video play button\"><span class=\"jet-elements-icon jet-video__play-button-icon\"><svg xmlns=\"http:\/\/www.w3.org\/2000\/svg\" width=\"132.3\" height=\"132.3\" viewBox=\"0 0 132.3 132.3\"><g transform=\"translate(-435 -666)\" opacity=\"0.769\"><g transform=\"translate(435 666)\"><path d=\"M66.15,15.232A50.918,50.918,0,1,0,117.068,66.15,50.976,50.976,0,0,0,66.15,15.232M66.15,0A66.15,66.15,0,1,1,0,66.15,66.15,66.15,0,0,1,66.15,0Z\" fill=\"#fff\"><\/path><path d=\"M19.317,8.957a6,6,0,0,1,10.382,0L43.8,33.28A6,6,0,0,1,38.6,42.288H10.412A6,6,0,0,1,5.221,33.28Z\" transform=\"translate(92.746 41.957) rotate(90)\" fill=\"#fff\"><\/path><\/g><\/g><\/svg><\/span>\t<span class=\"elementor-screen-only\">Play Video<\/span>\n<\/div>\n<\/div>\n<\/div>\n<\/div>\t\t\t\t<\/div>\n\t\t\t\t<\/div>\n\t\t\t\t<\/div>\n\t\t\t\t<\/div>\n\t\t<div class=\"elementor-element elementor-element-2e9a21e e-flex e-con-boxed e-con e-parent\" data-id=\"2e9a21e\" data-element_type=\"container\" data-e-type=\"container\" data-settings=\"{&quot;jet_parallax_layout_list&quot;:[],&quot;background_background&quot;:&quot;classic&quot;}\">\n\t\t\t\t\t<div class=\"e-con-inner\">\n\t\t<div class=\"elementor-element elementor-element-8801579 e-con-full e-flex elementor-invisible e-con e-parent\" data-id=\"8801579\" data-element_type=\"container\" data-e-type=\"container\" data-settings=\"{&quot;background_background&quot;:&quot;classic&quot;,&quot;animation&quot;:&quot;fadeIn&quot;,&quot;jet_parallax_layout_list&quot;:[]}\">\n\t\t\t\t<div class=\"elementor-element elementor-element-62773f8 elementor-widget__width-initial elementor-widget-mobile__width-inherit elementor-widget elementor-widget-heading\" data-id=\"62773f8\" data-element_type=\"widget\" data-e-type=\"widget\" data-widget_type=\"heading.default\">\n\t\t\t\t<div class=\"elementor-widget-container\">\n\t\t\t\t\t<h3 class=\"elementor-heading-title elementor-size-default\">COMPANY DESCRIPTION  <\/h3>\t\t\t\t<\/div>\n\t\t\t\t<\/div>\n\t\t\t\t<div class=\"elementor-element elementor-element-2515239 elementor-widget-mobile__width-inherit elementor-widget elementor-widget-text-editor\" data-id=\"2515239\" data-element_type=\"widget\" data-e-type=\"widget\" data-widget_type=\"text-editor.default\">\n\t\t\t\t<div class=\"elementor-widget-container\">\n\t\t\t\t\t\t\t\t\t<p>Soci\u00e9t\u00e9 Immobili\u00e8re Bruno Roussin is the owner-manager of a real estate portfolio of nearly 1,000,000 square feet of high-quality industrial and commercial space. With 40 years of estate expertise, we remain closely involved in the day-to-day management of our buildings\u2014while constantly developing new offers. Our experienced team has the know-how and flexibility to develop your premises according to your needs and organizational objectives. We provide a people-centric, reliable and fast service. Our mission is to become a strategic partner for your\u00a0business.\u00a0<\/p>\t\t\t\t\t\t\t\t<\/div>\n\t\t\t\t<\/div>\n\t\t\t\t<div class=\"elementor-element elementor-element-5c7a943 elementor-mobile-align-center elementor-widget-mobile__width-inherit elementor-widget elementor-widget-button\" data-id=\"5c7a943\" data-element_type=\"widget\" data-e-type=\"widget\" data-widget_type=\"button.default\">\n\t\t\t\t<div class=\"elementor-widget-container\">\n\t\t\t\t\t\t\t\t\t<div class=\"elementor-button-wrapper\">\n\t\t\t\t\t<a class=\"elementor-button elementor-button-link elementor-size-sm\" href=\"https:\/\/sibr.ca\/en\/about\/\">\n\t\t\t\t\t\t<span class=\"elementor-button-content-wrapper\">\n\t\t\t\t\t\t\t\t\t<span class=\"elementor-button-text\">Learn more<\/span>\n\t\t\t\t\t<\/span>\n\t\t\t\t\t<\/a>\n\t\t\t\t<\/div>\n\t\t\t\t\t\t\t\t<\/div>\n\t\t\t\t<\/div>\n\t\t\t\t<\/div>\n\t\t<div class=\"elementor-element elementor-element-26a90eb e-con-full elementor-hidden-mobile e-flex e-con e-parent\" data-id=\"26a90eb\" data-element_type=\"container\" data-e-type=\"container\" data-settings=\"{&quot;jet_parallax_layout_list&quot;:[]}\">\n\t\t\t\t<\/div>\n\t\t\t\t\t<\/div>\n\t\t\t\t<\/div>\n\t\t<div class=\"elementor-element elementor-element-4a1e926 e-flex e-con-boxed e-con e-parent\" data-id=\"4a1e926\" data-element_type=\"container\" data-e-type=\"container\" data-settings=\"{&quot;jet_parallax_layout_list&quot;:[]}\">\n\t\t\t\t\t<div class=\"e-con-inner\">\n\t\t<div class=\"elementor-element elementor-element-f6426d3 e-con-full e-flex e-con e-parent\" data-id=\"f6426d3\" data-element_type=\"container\" data-e-type=\"container\" data-settings=\"{&quot;jet_parallax_layout_list&quot;:[]}\">\n\t\t<div class=\"elementor-element elementor-element-5e20e27 e-flex e-con-boxed e-con e-parent\" data-id=\"5e20e27\" data-element_type=\"container\" data-e-type=\"container\" data-settings=\"{&quot;jet_parallax_layout_list&quot;:[]}\">\n\t\t\t\t\t<div class=\"e-con-inner\">\n\t\t\t\t<div class=\"elementor-element elementor-element-74dbb1d first-img elementor-hidden-mobile animated-slow elementor-invisible elementor-widget elementor-widget-image\" data-id=\"74dbb1d\" data-element_type=\"widget\" data-e-type=\"widget\" data-settings=\"{&quot;_animation&quot;:&quot;fadeIn&quot;}\" data-widget_type=\"image.default\">\n\t\t\t\t<div class=\"elementor-widget-container\">\n\t\t\t\t\t\t\t\t\t\t\t\t\t\t\t\t<a href=\"https:\/\/sibr.ca\/wp-content\/uploads\/2022\/07\/Mosaic-img-1.jpg\" data-elementor-open-lightbox=\"yes\" data-elementor-lightbox-title=\"Mosaic-img-1\" data-e-action-hash=\"#elementor-action%3Aaction%3Dlightbox%26settings%3DeyJpZCI6MTAxMSwidXJsIjoiaHR0cHM6XC9cL3NpYnIuY2FcL3dwLWNvbnRlbnRcL3VwbG9hZHNcLzIwMjJcLzA3XC9Nb3NhaWMtaW1nLTEuanBnIn0%3D\">\n\t\t\t\t\t\t\t<img fetchpriority=\"high\" decoding=\"async\" width=\"411\" height=\"329\" src=\"https:\/\/sibr.ca\/wp-content\/uploads\/2022\/07\/Mosaic-img-1.jpg\" class=\"attachment-large size-large wp-image-1011\" alt=\"\" srcset=\"https:\/\/sibr.ca\/wp-content\/uploads\/2022\/07\/Mosaic-img-1.jpg 411w, https:\/\/sibr.ca\/wp-content\/uploads\/2022\/07\/Mosaic-img-1-300x240.jpg 300w\" sizes=\"(max-width: 411px) 100vw, 411px\" \/>\t\t\t\t\t\t\t\t<\/a>\n\t\t\t\t\t\t\t\t\t\t\t\t\t\t\t<\/div>\n\t\t\t\t<\/div>\n\t\t\t\t<div class=\"elementor-element elementor-element-adefee5 animated-slow elementor-invisible elementor-widget elementor-widget-image\" data-id=\"adefee5\" data-element_type=\"widget\" data-e-type=\"widget\" data-settings=\"{&quot;_animation&quot;:&quot;fadeIn&quot;,&quot;_animation_delay&quot;:300}\" data-widget_type=\"image.default\">\n\t\t\t\t<div class=\"elementor-widget-container\">\n\t\t\t\t\t\t\t\t\t\t\t\t\t\t\t\t<a href=\"https:\/\/sibr.ca\/wp-content\/uploads\/2022\/07\/Rectangle-90.jpg\" data-elementor-open-lightbox=\"yes\" data-elementor-lightbox-title=\"Rectangle 90\" data-e-action-hash=\"#elementor-action%3Aaction%3Dlightbox%26settings%3DeyJpZCI6MTA2OSwidXJsIjoiaHR0cHM6XC9cL3NpYnIuY2FcL3dwLWNvbnRlbnRcL3VwbG9hZHNcLzIwMjJcLzA3XC9SZWN0YW5nbGUtOTAuanBnIn0%3D\">\n\t\t\t\t\t\t\t<img decoding=\"async\" width=\"225\" height=\"383\" src=\"https:\/\/sibr.ca\/wp-content\/uploads\/2022\/07\/Rectangle-90.jpg\" class=\"attachment-large size-large wp-image-1069\" alt=\"\" srcset=\"https:\/\/sibr.ca\/wp-content\/uploads\/2022\/07\/Rectangle-90.jpg 225w, https:\/\/sibr.ca\/wp-content\/uploads\/2022\/07\/Rectangle-90-176x300.jpg 176w\" sizes=\"(max-width: 225px) 100vw, 225px\" \/>\t\t\t\t\t\t\t\t<\/a>\n\t\t\t\t\t\t\t\t\t\t\t\t\t\t\t<\/div>\n\t\t\t\t<\/div>\n\t\t\t\t\t<\/div>\n\t\t\t\t<\/div>\n\t\t<div class=\"elementor-element elementor-element-5b0b632 elementor-hidden-mobile e-flex e-con-boxed e-con e-parent\" data-id=\"5b0b632\" data-element_type=\"container\" data-e-type=\"container\" data-settings=\"{&quot;jet_parallax_layout_list&quot;:[]}\">\n\t\t\t\t\t<div class=\"e-con-inner\">\n\t\t\t\t<div class=\"elementor-element elementor-element-b3ab7ed elementor-widget__width-initial animated-slow elementor-invisible elementor-widget elementor-widget-image\" data-id=\"b3ab7ed\" data-element_type=\"widget\" data-e-type=\"widget\" data-settings=\"{&quot;_animation&quot;:&quot;fadeIn&quot;,&quot;_animation_delay&quot;:600}\" data-widget_type=\"image.default\">\n\t\t\t\t<div class=\"elementor-widget-container\">\n\t\t\t\t\t\t\t\t\t\t\t\t\t\t\t\t<a href=\"https:\/\/sibr.ca\/wp-content\/uploads\/2022\/07\/Mosaic-img-3.jpg\" data-elementor-open-lightbox=\"yes\" data-elementor-lightbox-title=\"Mosaic-img-3\" data-e-action-hash=\"#elementor-action%3Aaction%3Dlightbox%26settings%3DeyJpZCI6MTAxMywidXJsIjoiaHR0cHM6XC9cL3NpYnIuY2FcL3dwLWNvbnRlbnRcL3VwbG9hZHNcLzIwMjJcLzA3XC9Nb3NhaWMtaW1nLTMuanBnIn0%3D\">\n\t\t\t\t\t\t\t<img loading=\"lazy\" decoding=\"async\" width=\"593\" height=\"268\" src=\"https:\/\/sibr.ca\/wp-content\/uploads\/2022\/07\/Mosaic-img-3.jpg\" class=\"attachment-large size-large wp-image-1013\" alt=\"\" srcset=\"https:\/\/sibr.ca\/wp-content\/uploads\/2022\/07\/Mosaic-img-3.jpg 593w, https:\/\/sibr.ca\/wp-content\/uploads\/2022\/07\/Mosaic-img-3-300x136.jpg 300w\" sizes=\"(max-width: 593px) 100vw, 593px\" \/>\t\t\t\t\t\t\t\t<\/a>\n\t\t\t\t\t\t\t\t\t\t\t\t\t\t\t<\/div>\n\t\t\t\t<\/div>\n\t\t\t\t\t<\/div>\n\t\t\t\t<\/div>\n\t\t\t\t<\/div>\n\t\t<div class=\"elementor-element elementor-element-2f998f2 e-con-full e-flex e-con e-parent\" data-id=\"2f998f2\" data-element_type=\"container\" data-e-type=\"container\" data-settings=\"{&quot;jet_parallax_layout_list&quot;:[]}\">\n\t\t\t\t<div class=\"elementor-element elementor-element-11cc74a elementor-widget__width-initial animated-slow elementor-invisible elementor-widget elementor-widget-image\" data-id=\"11cc74a\" data-element_type=\"widget\" data-e-type=\"widget\" data-settings=\"{&quot;_animation&quot;:&quot;fadeIn&quot;,&quot;_animation_delay&quot;:900}\" data-widget_type=\"image.default\">\n\t\t\t\t<div class=\"elementor-widget-container\">\n\t\t\t\t\t\t\t\t\t\t\t\t\t\t\t\t<a href=\"https:\/\/sibr.ca\/wp-content\/uploads\/2022\/07\/Mosaic-img-4.jpg\" data-elementor-open-lightbox=\"yes\" data-elementor-lightbox-title=\"Mosaic-img-4\" data-e-action-hash=\"#elementor-action%3Aaction%3Dlightbox%26settings%3DeyJpZCI6MTAxNCwidXJsIjoiaHR0cHM6XC9cL3NpYnIuY2FcL3dwLWNvbnRlbnRcL3VwbG9hZHNcLzIwMjJcLzA3XC9Nb3NhaWMtaW1nLTQuanBnIn0%3D\">\n\t\t\t\t\t\t\t<img loading=\"lazy\" decoding=\"async\" width=\"409\" height=\"677\" src=\"https:\/\/sibr.ca\/wp-content\/uploads\/2022\/07\/Mosaic-img-4.jpg\" class=\"attachment-full size-full wp-image-1014\" alt=\"\" srcset=\"https:\/\/sibr.ca\/wp-content\/uploads\/2022\/07\/Mosaic-img-4.jpg 409w, https:\/\/sibr.ca\/wp-content\/uploads\/2022\/07\/Mosaic-img-4-181x300.jpg 181w\" sizes=\"(max-width: 409px) 100vw, 409px\" \/>\t\t\t\t\t\t\t\t<\/a>\n\t\t\t\t\t\t\t\t\t\t\t\t\t\t\t<\/div>\n\t\t\t\t<\/div>\n\t\t\t\t<div class=\"elementor-element elementor-element-8c6b65f elementor-widget__width-auto elementor-widget-mobile__width-initial animated-slow elementor-invisible elementor-widget elementor-widget-image\" data-id=\"8c6b65f\" data-element_type=\"widget\" data-e-type=\"widget\" data-settings=\"{&quot;_animation&quot;:&quot;fadeIn&quot;,&quot;_animation_delay&quot;:1200}\" data-widget_type=\"image.default\">\n\t\t\t\t<div class=\"elementor-widget-container\">\n\t\t\t\t\t\t\t\t\t\t\t\t\t\t\t\t<a href=\"https:\/\/sibr.ca\/wp-content\/uploads\/2022\/07\/Mosaic-img-5.jpg\" data-elementor-open-lightbox=\"yes\" data-elementor-lightbox-title=\"Mosaic-img-5\" data-e-action-hash=\"#elementor-action%3Aaction%3Dlightbox%26settings%3DeyJpZCI6MTAxNSwidXJsIjoiaHR0cHM6XC9cL3NpYnIuY2FcL3dwLWNvbnRlbnRcL3VwbG9hZHNcLzIwMjJcLzA3XC9Nb3NhaWMtaW1nLTUuanBnIn0%3D\">\n\t\t\t\t\t\t\t<img loading=\"lazy\" decoding=\"async\" width=\"426\" height=\"423\" src=\"https:\/\/sibr.ca\/wp-content\/uploads\/2022\/07\/Mosaic-img-5.jpg\" class=\"attachment-full size-full wp-image-1015\" alt=\"\" srcset=\"https:\/\/sibr.ca\/wp-content\/uploads\/2022\/07\/Mosaic-img-5.jpg 426w, https:\/\/sibr.ca\/wp-content\/uploads\/2022\/07\/Mosaic-img-5-300x298.jpg 300w, https:\/\/sibr.ca\/wp-content\/uploads\/2022\/07\/Mosaic-img-5-150x150.jpg 150w\" sizes=\"(max-width: 426px) 100vw, 426px\" \/>\t\t\t\t\t\t\t\t<\/a>\n\t\t\t\t\t\t\t\t\t\t\t\t\t\t\t<\/div>\n\t\t\t\t<\/div>\n\t\t\t\t<\/div>\n\t\t\t\t\t<\/div>\n\t\t\t\t<\/div>\n\t\t<div class=\"elementor-element elementor-element-38d0ebc e-flex e-con-boxed e-con e-parent\" data-id=\"38d0ebc\" data-element_type=\"container\" data-e-type=\"container\" data-settings=\"{&quot;jet_parallax_layout_list&quot;:[],&quot;background_background&quot;:&quot;classic&quot;}\">\n\t\t\t\t\t<div class=\"e-con-inner\">\n\t\t<div class=\"elementor-element elementor-element-44302aa e-con-full animated-slow e-flex elementor-invisible e-con e-parent\" data-id=\"44302aa\" data-element_type=\"container\" data-e-type=\"container\" data-settings=\"{&quot;animation&quot;:&quot;fadeIn&quot;,&quot;jet_parallax_layout_list&quot;:[]}\">\n\t\t\t\t<div class=\"elementor-element elementor-element-8960dbe elementor-widget__width-initial elementor-widget-mobile__width-inherit elementor-widget elementor-widget-text-editor\" data-id=\"8960dbe\" data-element_type=\"widget\" data-e-type=\"widget\" data-widget_type=\"text-editor.default\">\n\t\t\t\t<div class=\"elementor-widget-container\">\n\t\t\t\t\t\t\t\t\t<p>Impeccable services are at the heart of Soci\u00e9t\u00e9 Immobili\u00e8re Bruno Roussin. We take care of each request from end to end. We are agile with real estate projects we work on. Our goal is to deliver buildings that will optimally satisfy tennants\u2019\u00a0needs.\u00a0<\/p>\t\t\t\t\t\t\t\t<\/div>\n\t\t\t\t<\/div>\n\t\t\t\t<div class=\"elementor-element elementor-element-ef8fdc4 elementor-widget elementor-widget-button\" data-id=\"ef8fdc4\" data-element_type=\"widget\" data-e-type=\"widget\" data-widget_type=\"button.default\">\n\t\t\t\t<div class=\"elementor-widget-container\">\n\t\t\t\t\t\t\t\t\t<div class=\"elementor-button-wrapper\">\n\t\t\t\t\t<a class=\"elementor-button elementor-button-link elementor-size-sm\" href=\"https:\/\/sibr.ca\/en\/services\/\">\n\t\t\t\t\t\t<span class=\"elementor-button-content-wrapper\">\n\t\t\t\t\t\t\t\t\t<span class=\"elementor-button-text\">Our services<\/span>\n\t\t\t\t\t<\/span>\n\t\t\t\t\t<\/a>\n\t\t\t\t<\/div>\n\t\t\t\t\t\t\t\t<\/div>\n\t\t\t\t<\/div>\n\t\t\t\t<\/div>\n\t\t<div class=\"elementor-element elementor-element-3d5858b e-con-full animated-slow e-flex elementor-invisible e-con e-parent\" data-id=\"3d5858b\" data-element_type=\"container\" data-e-type=\"container\" data-settings=\"{&quot;animation&quot;:&quot;fadeIn&quot;,&quot;animation_delay&quot;:400,&quot;jet_parallax_layout_list&quot;:[]}\">\n\t\t<div class=\"elementor-element elementor-element-b77024c e-con-full e-flex e-con e-parent\" data-id=\"b77024c\" data-element_type=\"container\" data-e-type=\"container\" data-settings=\"{&quot;jet_parallax_layout_list&quot;:[]}\">\n\t\t<div class=\"elementor-element elementor-element-5c1b49a e-con-full e-flex e-con e-parent\" data-id=\"5c1b49a\" data-element_type=\"container\" data-e-type=\"container\" data-settings=\"{&quot;jet_parallax_layout_list&quot;:[]}\">\n\t\t\t\t<div class=\"elementor-element elementor-element-7d58f92 elementor-widget elementor-widget-image\" data-id=\"7d58f92\" data-element_type=\"widget\" data-e-type=\"widget\" data-widget_type=\"image.default\">\n\t\t\t\t<div class=\"elementor-widget-container\">\n\t\t\t\t\t\t\t\t\t\t\t\t\t\t\t<img loading=\"lazy\" decoding=\"async\" width=\"800\" height=\"800\" src=\"https:\/\/sibr.ca\/wp-content\/uploads\/2022\/06\/picto_argent_Plan-de-travail-1.svg\" class=\"attachment-large size-large wp-image-989\" alt=\"\" \/>\t\t\t\t\t\t\t\t\t\t\t\t\t\t\t<\/div>\n\t\t\t\t<\/div>\n\t\t\t\t<div class=\"elementor-element elementor-element-fc07a1b elementor-widget__width-initial elementor-widget elementor-widget-heading\" data-id=\"fc07a1b\" data-element_type=\"widget\" data-e-type=\"widget\" data-widget_type=\"heading.default\">\n\t\t\t\t<div class=\"elementor-widget-container\">\n\t\t\t\t\t<span class=\"elementor-heading-title elementor-size-default\">Commercial space rental <\/span>\t\t\t\t<\/div>\n\t\t\t\t<\/div>\n\t\t\t\t<\/div>\n\t\t<div class=\"elementor-element elementor-element-63664dc e-con-full e-flex e-con e-parent\" data-id=\"63664dc\" data-element_type=\"container\" data-e-type=\"container\" data-settings=\"{&quot;jet_parallax_layout_list&quot;:[]}\">\n\t\t\t\t<div class=\"elementor-element elementor-element-550a0b9 elementor-widget elementor-widget-image\" data-id=\"550a0b9\" data-element_type=\"widget\" data-e-type=\"widget\" data-widget_type=\"image.default\">\n\t\t\t\t<div class=\"elementor-widget-container\">\n\t\t\t\t\t\t\t\t\t\t\t\t\t\t\t<img loading=\"lazy\" decoding=\"async\" width=\"800\" height=\"800\" src=\"https:\/\/sibr.ca\/wp-content\/uploads\/2022\/06\/picto_industrie_Plan-de-travail-1.svg\" class=\"attachment-large size-large wp-image-987\" alt=\"\" \/>\t\t\t\t\t\t\t\t\t\t\t\t\t\t\t<\/div>\n\t\t\t\t<\/div>\n\t\t\t\t<div class=\"elementor-element elementor-element-8fe77d7 elementor-widget__width-initial elementor-widget elementor-widget-heading\" data-id=\"8fe77d7\" data-element_type=\"widget\" data-e-type=\"widget\" data-widget_type=\"heading.default\">\n\t\t\t\t<div class=\"elementor-widget-container\">\n\t\t\t\t\t<span class=\"elementor-heading-title elementor-size-default\">Industrial space rental <\/span>\t\t\t\t<\/div>\n\t\t\t\t<\/div>\n\t\t\t\t<\/div>\n\t\t\t\t<\/div>\n\t\t<div class=\"elementor-element elementor-element-a35910f e-con-full e-flex e-con e-parent\" data-id=\"a35910f\" data-element_type=\"container\" data-e-type=\"container\" data-settings=\"{&quot;jet_parallax_layout_list&quot;:[]}\">\n\t\t<div class=\"elementor-element elementor-element-8a7e4f4 e-con-full e-flex e-con e-parent\" data-id=\"8a7e4f4\" data-element_type=\"container\" data-e-type=\"container\" data-settings=\"{&quot;jet_parallax_layout_list&quot;:[]}\">\n\t\t\t\t<div class=\"elementor-element elementor-element-5dbf7ee elementor-widget elementor-widget-image\" data-id=\"5dbf7ee\" data-element_type=\"widget\" data-e-type=\"widget\" data-widget_type=\"image.default\">\n\t\t\t\t<div class=\"elementor-widget-container\">\n\t\t\t\t\t\t\t\t\t\t\t\t\t\t\t<img loading=\"lazy\" decoding=\"async\" width=\"800\" height=\"800\" src=\"https:\/\/sibr.ca\/wp-content\/uploads\/2022\/06\/picto_cle_Plan-de-travail-1.svg\" class=\"attachment-large size-large wp-image-988\" alt=\"\" \/>\t\t\t\t\t\t\t\t\t\t\t\t\t\t\t<\/div>\n\t\t\t\t<\/div>\n\t\t\t\t<div class=\"elementor-element elementor-element-d0ce600 elementor-widget elementor-widget-heading\" data-id=\"d0ce600\" data-element_type=\"widget\" data-e-type=\"widget\" data-widget_type=\"heading.default\">\n\t\t\t\t<div class=\"elementor-widget-container\">\n\t\t\t\t\t<span class=\"elementor-heading-title elementor-size-default\">Turnkey projects <\/span>\t\t\t\t<\/div>\n\t\t\t\t<\/div>\n\t\t\t\t<\/div>\n\t\t<div class=\"elementor-element elementor-element-b28e59b e-con-full e-flex e-con e-parent\" data-id=\"b28e59b\" data-element_type=\"container\" data-e-type=\"container\" data-settings=\"{&quot;jet_parallax_layout_list&quot;:[]}\">\n\t\t\t\t<div class=\"elementor-element elementor-element-d3e3e9d elementor-widget elementor-widget-image\" data-id=\"d3e3e9d\" data-element_type=\"widget\" data-e-type=\"widget\" data-widget_type=\"image.default\">\n\t\t\t\t<div class=\"elementor-widget-container\">\n\t\t\t\t\t\t\t\t\t\t\t\t\t\t\t<img loading=\"lazy\" decoding=\"async\" width=\"800\" height=\"800\" src=\"https:\/\/sibr.ca\/wp-content\/uploads\/2022\/06\/picto_building_Plan-de-travail-1.svg\" class=\"attachment-large size-large wp-image-990\" alt=\"\" \/>\t\t\t\t\t\t\t\t\t\t\t\t\t\t\t<\/div>\n\t\t\t\t<\/div>\n\t\t\t\t<div class=\"elementor-element elementor-element-1c884af elementor-widget elementor-widget-heading\" data-id=\"1c884af\" data-element_type=\"widget\" data-e-type=\"widget\" data-widget_type=\"heading.default\">\n\t\t\t\t<div class=\"elementor-widget-container\">\n\t\t\t\t\t<span class=\"elementor-heading-title elementor-size-default\">Real estate management <\/span>\t\t\t\t<\/div>\n\t\t\t\t<\/div>\n\t\t\t\t<\/div>\n\t\t\t\t<\/div>\n\t\t\t\t<\/div>\n\t\t\t\t\t<\/div>\n\t\t\t\t<\/div>\n\t\t\t\t<\/div>\n\t\t","protected":false},"excerpt":{"rendered":"<p>Soci\u00e9t\u00e9 immobili\u00e8re Bruno Roussin An accessible and adaptable team dedicated to your success Play Video COMPANY DESCRIPTION Soci\u00e9t\u00e9 Immobili\u00e8re Bruno Roussin is the owner-manager of a real estate portfolio of nearly 1,000,000 square feet of high-quality industrial and commercial space. With 40 years of estate expertise, we remain closely involved in the day-to-day management of [&hellip;]<\/p>\n","protected":false},"author":2,"featured_media":0,"parent":0,"menu_order":1,"comment_status":"closed","ping_status":"closed","template":"elementor_header_footer","meta":{"footnotes":""},"class_list":["post-1126","page","type-page","status-publish","hentry"],"_links":{"self":[{"href":"https:\/\/sibr.ca\/en\/wp-json\/wp\/v2\/pages\/1126","targetHints":{"allow":["GET"]}}],"collection":[{"href":"https:\/\/sibr.ca\/en\/wp-json\/wp\/v2\/pages"}],"about":[{"href":"https:\/\/sibr.ca\/en\/wp-json\/wp\/v2\/types\/page"}],"author":[{"embeddable":true,"href":"https:\/\/sibr.ca\/en\/wp-json\/wp\/v2\/users\/2"}],"replies":[{"embeddable":true,"href":"https:\/\/sibr.ca\/en\/wp-json\/wp\/v2\/comments?post=1126"}],"version-history":[{"count":30,"href":"https:\/\/sibr.ca\/en\/wp-json\/wp\/v2\/pages\/1126\/revisions"}],"predecessor-version":[{"id":1718,"href":"https:\/\/sibr.ca\/en\/wp-json\/wp\/v2\/pages\/1126\/revisions\/1718"}],"wp:attachment":[{"href":"https:\/\/sibr.ca\/en\/wp-json\/wp\/v2\/media?parent=1126"}],"curies":[{"name":"wp","href":"https:\/\/api.w.org\/{rel}","templated":true}]}}